{"id":2,"date":"2019-02-01T18:07:21","date_gmt":"2019-02-01T17:07:21","guid":{"rendered":"http:\/\/www.lesindestructibles.eu\/?page_id=2"},"modified":"2023-12-28T11:45:52","modified_gmt":"2023-12-28T10:45:52","slug":"page-d-exemple","status":"publish","type":"page","link":"https:\/\/www.lesindestructibles.eu\/","title":{"rendered":"Accueil"},"content":{"rendered":"<p>[vc_row][vc_column css=\u00a0\u00bb.vc_custom_1555583299829{margin-top: -100px !important;padding-bottom: 50px !important;}\u00a0\u00bb][vc_column_text]\t<div class=\"lwa lwa-default\">        <form class=\"lwa-form\" action=\"https:\/\/www.lesindestructibles.eu\/wp-login.php?template=default\" method=\"post\">\r\n        \t<div>\r\n        \t<span class=\"lwa-status\"><\/span>\r\n            <table>\r\n                <tr class=\"lwa-username\">\r\n                    <td class=\"lwa-username-label\">\r\n                        <label>Identifiant<\/label>\r\n                    <\/td>\r\n                    <td class=\"lwa-username-input\">\r\n                        <input type=\"text\" name=\"log\" \/>\r\n                    <\/td>\r\n                <\/tr>\r\n                <tr class=\"lwa-password\">\r\n                    <td class=\"lwa-password-label\">\r\n                        <label>Mot de passe<\/label>\r\n                    <\/td>\r\n                    <td class=\"lwa-password-input\">\r\n                        <input type=\"password\" name=\"pwd\" \/>\r\n                    <\/td>\r\n                <\/tr>\r\n                <tr><td colspan=\"2\"><\/td><\/tr>\r\n                <tr class=\"lwa-submit\">\r\n                    <td class=\"lwa-submit-button\">\r\n                        <input type=\"submit\" name=\"wp-submit\" id=\"lwa_wp-submit\" value=\"Connexion\" tabindex=\"100\" \/>\r\n                        <input type=\"hidden\" name=\"lwa_profile_link\" value=\"1\" \/>\r\n                        <input type=\"hidden\" name=\"login-with-ajax\" value=\"login\" \/>\r\n\t\t\t\t\t\t                    <\/td>\r\n                    <td class=\"lwa-submit-links\">\r\n                        <input name=\"rememberme\" type=\"checkbox\" class=\"lwa-rememberme\" value=\"forever\" \/> <label>Se souvenir de moi<\/label>\r\n                        <br \/>\r\n\t\t\t\t\t\t\t\t\t\t\t\t<a class=\"lwa-links-remember\" href=\"https:\/\/www.lesindestructibles.eu\/wp-login.php?action=lostpassword&#038;template=default\" title=\"Mot de passe retrouv\u00e9\">Mot de passe oubli\u00e9 ?<\/a>\r\n\t\t\t\t\t\t                                            <\/td>\r\n                <\/tr>\r\n            <\/table>\r\n            <\/div>\r\n        <\/form>\r\n                <form class=\"lwa-remember\" action=\"https:\/\/www.lesindestructibles.eu\/wp-login.php?action=lostpassword&#038;template=default\" method=\"post\" style=\"display:none;\">\r\n        \t<div>\r\n        \t<span class=\"lwa-status\"><\/span>\r\n            <table>\r\n                <tr>\r\n                    <td>\r\n                        <strong>Mot de passe oubli\u00e9<\/strong>         \r\n                    <\/td>\r\n                <\/tr>\r\n                <tr>\r\n                    <td class=\"lwa-remember-email\">  \r\n                                                <input type=\"text\" name=\"user_login\" class=\"lwa-user-remember\" value=\"Entrez votre identifiant ou votre email\" onfocus=\"if(this.value == 'Entrez votre identifiant ou votre email'){this.value = '';}\" onblur=\"if(this.value == ''){this.value = 'Entrez votre identifiant ou votre email'}\" \/>\r\n                                            <\/td>\r\n                <\/tr>\r\n                <tr>\r\n                    <td class=\"lwa-remember-buttons\">\r\n                        <input type=\"submit\" value=\"Obtenir un nouveau mot de passe\" class=\"lwa-button-remember\" \/>\r\n                        <a href=\"#\" class=\"lwa-links-remember-cancel\">Annuler<\/a>\r\n                        <input type=\"hidden\" name=\"login-with-ajax\" value=\"remember\" \/>\r\n                    <\/td>\r\n                <\/tr>\r\n            <\/table>\r\n            <\/div>\r\n        <\/form>\r\n        \t\t\t<\/div>\n<h3 style=\"text-align: center;\">Ce site est r\u00e9serv\u00e9 aux membres des familles Barth\u00e9lemy, Michel, Vernon<\/h3>\n<h3 style=\"text-align: center;\">Franche-Comt\u00e9, Cher, Lot, \u00cele-de-France<\/h3>\n<p>[\/vc_column_text][\/vc_column][\/vc_row][vc_row][vc_column][vc_column_text]<div class=\"gmedia_gallery photoblog_module is_bot\" id=\"GmediaGallery_58\" data-gmid=\"58\" data-module=\"photoblog\"><style class='gmedia_module_style_import'>@import url('https:\/\/www.lesindestructibles.eu\/wp-content\/grand-media\/module\/photoblog\/css\/style.css?v=2.7') all;<\/style><script type=\"text\/javascript\">\n\t(function() {\n\t\tthis['GmediaGallery_58'.replace( \/_|_\/g, '' )] = {\n\t\t\t'settings':{\"collectionThumbRecomendedWidth\":\"150\",\"collectionPreloaderColor\":\"333333\",\"linkTargetWindow\":\"_blank\",\"thumbSpacing\":\"10\",\"infoBarTermsClickNewPageEnable\":\"1\",\"collectionBackButtonIconColor\":\"000000\",\"collectionBackButtonBgColor\":\"eeeeee\",\"collectionTitleColor\":\"000000\",\"bookmarkEnable\":\"0\",\"bookmarkShowState\":\"1\",\"bookmarkIconColor\":\"rgba(174, 174, 174, 1)\",\"bookmarkTextColor\":\"rgba(41, 41, 41,1)\",\"bookmarksCollectionName\":\"D'o\\u00f9 venons nous ?\",\"bookmarkCounterTitleEmpty\":\"Your collection is empty\",\"bookmarkCounterTitle\":\"Your collection contains %count% item(s).\",\"bookmarkTitleFontSize\":\"15\",\"bookmarkDescription\":\"Use bookmarks to create your unique collection and share it.\",\"bookmarkDescriptionFontSize\":\"12\",\"searchFormEnable\":\"0\",\"searchFormPlaceHolder\":\"Search...\",\"searchFormTextColor\":\"333333\",\"searchFormBgColor\":\"eeeeee\",\"searchFormIconColor\":\"ffffff\",\"tagsFilter\":\"0\",\"tagCloudAll\":\"All\",\"tagCloudTextColor\":\"000000\",\"tagCloudBgColor\":\"eeeeee\",\"collectionThumbHoverColor\":\"rgba(0, 0, 0, .4)\",\"collectionThumbContentBGColor\":\"rgba(245,245,245,1)\",\"collectionThumbTitleShow\":\"1\",\"collectionThumbTitleColor\":\"rgba(0,0,0,1)\",\"collectionThumbFontSize\":\"18\",\"collectionThumbDateShow\":\"0\",\"collectionThumbDateColor\":\"rgba(0,0,0,1)\",\"collectionThumbDateFontSize\":\"14\",\"collectionThumbDescriptionShow\":\"0\",\"collectionThumbDescriptionColor\":\"rgba(0,0,0,1)\",\"collectionThumbDescriptionFontSize\":\"15\",\"collectionThumbAlbumsShow\":\"0\",\"collectionThumbAlbumColor\":\"rgba(130,130,130,1)\",\"collectionThumbCategoriesShow\":\"0\",\"collectionThumbCatColor\":\"rgba(130,130,130,1)\",\"collectionThumbTagsShow\":\"0\",\"collectionThumbTagsColor\":\"rgba(130,130,130,1)\",\"collectionThumbSubMenuBackgroundColor\":\"rgba(0, 0, 0, 0)\",\"collectionThumbSubMenuBackgroundColorOver\":\"rgba(0, 0, 0, 1)\",\"collectionThumbSubMenuIconColor\":\"rgba(57, 56, 56, 1)\",\"collectionThumbSubMenuIconHoverColor\":\"rgba(255, 255, 255, 1)\",\"collectionItemDownload\":\"1\",\"collectionItemDiscuss\":\"0\",\"collectionSocialShareEnabled\":\"0\",\"collectionLikesEnabled\":\"0\",\"collectionReadMoreButtonLabel\":\"Read More\",\"collectionReadMoreButtonLabelColor\":\"rgba(255, 255, 255, 1)\",\"collectionReadMoreButtonBGColor\":\"rgba(0, 0, 0, 1)\",\"collectionReadMoreButtonLabelColorHover\":\"rgba(0, 0, 0, 1)\",\"collectionReadMoreButtonBGColorHover\":\"rgba(235,235,235,1)\",\"modaBgColor\":\"rgba(0,0,0,0.9)\",\"modalInfoBoxBgColor\":\"rgba(255,255,255,1)\",\"modalInfoBoxTitleTextColor\":\"000000\",\"shareTitlePlaceHolder\":\"\",\"modalInfoBoxTextColor\":\"333333\",\"infoBarTermsEnable\":\"1\",\"infoBarTermsTitleColor\":\"eeeeee\",\"infoBarTermsBackgroundColorAlbums\":\"ff0000\",\"infoBarTermsBackgroundColorTags\":\"00a000\",\"infoBarTermsBackgroundColorCategories\":\"d3af0d\",\"infoBarExifEnable\":\"0\",\"infoBarCountersEnable\":\"0\",\"infoBarDateInfoEnable\":\"0\",\"lightBoxEnable\":\"1\",\"sliderPreloaderColor\":\"ffffff\",\"sliderBgColor\":\"rgba(0,0,0,1)\",\"sliderHeaderFooterBgColor\":\"000000\",\"sliderNavigationColor\":\"rgba(0,0,0,1)\",\"sliderNavigationIconColor\":\"rgba(255,255,255,1)\",\"sliderItemTitleFontSize\":\"24\",\"sliderItemTitleTextColor\":\"ffffff\",\"sliderThumbBarEnable\":\"1\",\"sliderThumbBarHoverColor\":\"ffffff\",\"sliderThumbSubMenuBackgroundColor\":\"rgba(0,0,0,1)\",\"sliderThumbSubMenuBackgroundColorOver\":\"rgba(255,255,255,1)\",\"sliderThumbSubMenuIconColor\":\"rgba(255,255,255,1)\",\"sliderThumbSubMenuIconHoverColor\":\"rgba(0,0,0,1)\",\"sliderInfoEnable\":\"1\",\"sliderItemDownload\":\"1\",\"sliderItemDiscuss\":\"0\",\"sliderSocialShareEnabled\":\"0\",\"sliderLikesEnabled\":\"0\",\"customCSS\":\"\",\"license\":\"2330:1sl-1a10-c486-6b3f\",\"post_url\":\"https:\\\/\\\/www.lesindestructibles.eu?rest_route=%2Fwp%2Fv2%2Fpages%2F2\"}, 'appQuery':{\"orderby\":\"gmedia__in\",\"order\":\"ASC\",\"album__in\":\"1\",\"gmedia__in\":\"1,2,3,4,5,6,7,8,9,10,11,12,13,14,15,16,17,18,19,20,21,22,23,24,25,26,27,28,29,30,31,32,33,34,35,36,37,38,39,40,41,42,43,44,45,46,47,48,49,50,51,52,53,54,55,56,57,58,59,60,61,62,63,64,65,66,67,68,69,70,71,72,73,74,75\",\"status\":[\"publish\"]}, 'appApi':\"https:\\\/\\\/www.lesindestructibles.eu\\\/?gmedia-app=1&gmappversion=4&gmmodule=1\", 'appInfo':{\"name\":\"AccueilV2\",\"description\":\"\"}};\n\t})();\n<\/script>\n<\/div>[\/vc_column_text][\/vc_column][\/vc_row]<\/p>\n","protected":false},"excerpt":{"rendered":"<p>[vc_row][vc_column css=\u00a0\u00bb.vc_custom_1555583299829{margin-top: -100px !important;padding-bottom: 50px !important;}\u00a0\u00bb][vc_column_text] Identifiant Mot de passe Se souvenir de moi Mot de passe oubli\u00e9 ? Mot de passe oubli\u00e9 Annuler Ce site est r\u00e9serv\u00e9 aux membres des familles Barth\u00e9lemy, Michel, Vernon Franche-Comt\u00e9, Cher, Lot, \u00cele-de-France [\/vc_column_text][\/vc_column][\/vc_row][vc_row][vc_column][vc_column_text] [\/vc_column_text][\/vc_column][\/vc_row]<br \/><a href=\"https:\/\/www.lesindestructibles.eu\/\" class=\"more\">Read more<\/a><\/p>\n","protected":false},"author":6,"featured_media":0,"parent":0,"menu_order":0,"comment_status":"closed","ping_status":"open","template":"","meta":{"footnotes":""},"class_list":["post-2","page","type-page","status-publish","hentry"],"_links":{"self":[{"href":"https:\/\/www.lesindestructibles.eu\/index.php?rest_route=\/wp\/v2\/pages\/2","targetHints":{"allow":["GET"]}}],"collection":[{"href":"https:\/\/www.lesindestructibles.eu\/index.php?rest_route=\/wp\/v2\/pages"}],"about":[{"href":"https:\/\/www.lesindestructibles.eu\/index.php?rest_route=\/wp\/v2\/types\/page"}],"author":[{"embeddable":true,"href":"https:\/\/www.lesindestructibles.eu\/index.php?rest_route=\/wp\/v2\/users\/6"}],"replies":[{"embeddable":true,"href":"https:\/\/www.lesindestructibles.eu\/index.php?rest_route=%2Fwp%2Fv2%2Fcomments&post=2"}],"version-history":[{"count":65,"href":"https:\/\/www.lesindestructibles.eu\/index.php?rest_route=\/wp\/v2\/pages\/2\/revisions"}],"predecessor-version":[{"id":6186,"href":"https:\/\/www.lesindestructibles.eu\/index.php?rest_route=\/wp\/v2\/pages\/2\/revisions\/6186"}],"wp:attachment":[{"href":"https:\/\/www.lesindestructibles.eu\/index.php?rest_route=%2Fwp%2Fv2%2Fmedia&parent=2"}],"curies":[{"name":"wp","href":"https:\/\/api.w.org\/{rel}","templated":true}]}}